{"id":46149,"date":"2021-08-25T03:23:01","date_gmt":"2021-08-25T03:23:01","guid":{"rendered":"https:\/\/www.silmantech.com\/?page_id=46149"},"modified":"2025-12-19T05:56:37","modified_gmt":"2025-12-19T05:56:37","slug":"buyer-show","status":"publish","type":"page","link":"https:\/\/silmantech.com\/fr\/buyer-show\/","title":{"rendered":"Salon des acheteurs"},"content":{"rendered":"<div class=\"wpb-content-wrapper\"><div class=\"vc_row wpb_row vc_row-fluid\"><div class=\"wpb_column vc_column_container vc_col-sm-12\"><div class=\"vc_column-inner\"><div class=\"wpb_wrapper\"><div id=\"ultimate-heading-70569f7f82a87f87\" class=\"uvc-heading ult-adjust-bottom-margin ultimate-heading-70569f7f82a87f87 uvc-7859  uvc-heading-default-font-sizes\" data-hspacer=\"no_spacer\"  data-halign=\"center\" style=\"text-align:center\"><div class=\"uvc-heading-spacer no_spacer\" style=\"top\"><\/div><div class=\"uvc-main-heading ult-responsive\"  data-ultimate-target='.uvc-heading.ultimate-heading-70569f7f82a87f87 h2'  data-responsive-json-new='{\"font-size\":\"\",\"line-height\":\"\"}' ><h2 style=\"--font-weight:theme;\">Ceci est la photo des commentaires de notre client du Sri Lanka<\/h2><\/div><\/div>\n\t<div  class=\"wpb_single_image wpb_content_element vc_align_center\">\n\t\t\n\t\t<figure class=\"wpb_wrapper vc_figure\">\n\t\t\t<div class=\"vc_single_image-wrapper   vc_box_border_grey\"><img loading=\"lazy\" decoding=\"async\" width=\"1024\" height=\"768\" src=\"https:\/\/silmantech.com\/wp-content\/uploads\/2021\/08\/1122-1024x768.jpg\" class=\"vc_single_image-img attachment-large\" alt=\"\" title=\"1122\" srcset=\"https:\/\/silmantech.com\/wp-content\/uploads\/2021\/08\/1122-1024x768.jpg 1024w, https:\/\/silmantech.com\/wp-content\/uploads\/2021\/08\/1122-300x225.jpg 300w, https:\/\/silmantech.com\/wp-content\/uploads\/2021\/08\/1122-768x576.jpg 768w, https:\/\/silmantech.com\/wp-content\/uploads\/2021\/08\/1122.jpg 1280w\" sizes=\"auto, (max-width: 1024px) 100vw, 1024px\"  data-dt-location=\"https:\/\/silmantech.com\/fr\/buyer-show\/attachment\/1122\/\" \/><\/div>\n\t\t<\/figure>\n\t<\/div>\n\n\t<div class=\"wpb_video_widget wpb_content_element vc_clearfix   vc_video-aspect-ratio-169 vc_video-el-width-50 vc_video-align-center\" >\n\t\t<div class=\"wpb_wrapper\">\n\t\t\t\n\t\t\t<div class=\"wpb_video_wrapper\"><iframe loading=\"lazy\" title=\"R\u00e9paration d&#039;un panneau de t\u00e9l\u00e9vision \u00e0 diodes \u00e9lectroluminescentes au Sri Lanka\" width=\"500\" height=\"281\" src=\"https:\/\/www.youtube.com\/embed\/OC7z6W2_ZVc?feature=oembed\" frameborder=\"0\" allow=\"accelerometer; autoplay; clipboard-write; encrypted-media; gyroscope; picture-in-picture; web-share\" allowfullscreen><\/iframe><\/div>\n\t\t<\/div>\n\t<\/div>\n<div id=\"ultimate-heading-409869f7f82a88a76\" class=\"uvc-heading ult-adjust-bottom-margin ultimate-heading-409869f7f82a88a76 uvc-378  uvc-heading-default-font-sizes\" data-hspacer=\"no_spacer\"  data-halign=\"center\" style=\"text-align:center\"><div class=\"uvc-heading-spacer no_spacer\" style=\"top\"><\/div><div class=\"uvc-main-heading ult-responsive\"  data-ultimate-target='.uvc-heading.ultimate-heading-409869f7f82a88a76 h2'  data-responsive-json-new='{\"font-size\":\"\",\"line-height\":\"\"}' ><h2 style=\"--font-weight:theme;\">Un client russe a re\u00e7u notre machine laser ST-85L et nous a envoy\u00e9 ses commentaires<\/h2><\/div><div class=\"uvc-sub-heading ult-responsive\"  data-ultimate-target='.uvc-heading.ultimate-heading-409869f7f82a88a76 .uvc-sub-heading '  data-responsive-json-new='{\"font-size\":\"\",\"line-height\":\"\"}'  style=\"font-weight:normal;\"><br \/>\n<\/div><\/div>\n\t<div  class=\"wpb_single_image wpb_content_element vc_align_center\">\n\t\t\n\t\t<figure class=\"wpb_wrapper vc_figure\">\n\t\t\t<div class=\"vc_single_image-wrapper   vc_box_border_grey\"><img loading=\"lazy\" decoding=\"async\" width=\"1024\" height=\"768\" src=\"https:\/\/silmantech.com\/wp-content\/uploads\/2022\/07\/\u4fc4\u7f57\u65af\u5ba2\u6237-1024x768.jpg\" class=\"vc_single_image-img attachment-large\" alt=\"\" title=\"\u4fc4\u7f57\u65af\u5ba2\u6237\" srcset=\"https:\/\/silmantech.com\/wp-content\/uploads\/2022\/07\/\u4fc4\u7f57\u65af\u5ba2\u6237-1024x768.jpg 1024w, https:\/\/silmantech.com\/wp-content\/uploads\/2022\/07\/\u4fc4\u7f57\u65af\u5ba2\u6237-300x225.jpg 300w, https:\/\/silmantech.com\/wp-content\/uploads\/2022\/07\/\u4fc4\u7f57\u65af\u5ba2\u6237-768x576.jpg 768w, https:\/\/silmantech.com\/wp-content\/uploads\/2022\/07\/\u4fc4\u7f57\u65af\u5ba2\u6237.jpg 1280w\" sizes=\"auto, (max-width: 1024px) 100vw, 1024px\"  data-dt-location=\"https:\/\/silmantech.com\/fr\/laser-machine-st-85l-arrive-at-russia-customerand-get-the-feedback-photos2022-7-13\/%e4%bf%84%e7%bd%97%e6%96%af%e5%ae%a2%e6%88%b7\/\" \/><\/div>\n\t\t<\/figure>\n\t<\/div>\n<div id=\"ultimate-heading-396269f7f82a89298\" class=\"uvc-heading ult-adjust-bottom-margin ultimate-heading-396269f7f82a89298 uvc-8772 accent-border-color accent-icon-color\" data-hspacer=\"line_with_icon\" data-hline_width=\"150\" data-hicon_type=\"selector\" data-hborder_style=\"solid\" data-hborder_height=\"3\" data-hborder_color=\"#3db3ef\" data-icon_width=\"18\" data-hfixer=\"10\"  data-halign=\"left\" style=\"text-align:left\"><div class=\"uvc-main-heading ult-responsive\"  data-ultimate-target='.uvc-heading.ultimate-heading-396269f7f82a89298 h2'  data-responsive-json-new='{\"font-size\":\"desktop:40px;mobile_landscape:30px;\",\"line-height\":\"desktop:50px;mobile_landscape:40px;\"}' ><h2 style=\"font-weight:bold;\">Un client turc ach\u00e8te la machine \u00e0 coller cof acf et nous envoie ses commentaires lorsqu&#039;il a re\u00e7u la machine<\/h2><\/div><div class=\"uvc-heading-spacer line_with_icon\" style=\"margin-bottom:30px;height:18px;\"><div class=\"ult-just-icon-wrapper\"><div class=\"align-icon\" style=\"text-align:left;\">\n<div class=\"aio-icon none\"  style=\"color:#000000;font-size:18px;\">\n\t<i class=\"icomoon-font-awesome-14x14-chevron-down\"><\/i>\n<\/div><\/div><\/div><\/div><\/div>\n\t<div  class=\"wpb_single_image wpb_content_element vc_align_center\">\n\t\t\n\t\t<figure class=\"wpb_wrapper vc_figure\">\n\t\t\t<div class=\"vc_single_image-wrapper   vc_box_border_grey\"><img loading=\"lazy\" decoding=\"async\" width=\"475\" height=\"687\" src=\"https:\/\/silmantech.com\/wp-content\/uploads\/2021\/08\/16298626891.png\" class=\"vc_single_image-img attachment-large\" alt=\"\" title=\"1629862689(1)\" srcset=\"https:\/\/silmantech.com\/wp-content\/uploads\/2021\/08\/16298626891.png 475w, https:\/\/silmantech.com\/wp-content\/uploads\/2021\/08\/16298626891-207x300.png 207w\" sizes=\"auto, (max-width: 475px) 100vw, 475px\"  data-dt-location=\"https:\/\/silmantech.com\/fr\/buyer-show\/attachment\/16298626891\/\" \/><\/div>\n\t\t<\/figure>\n\t<\/div>\n<div id=\"ultimate-heading-296269f7f82a89741\" class=\"uvc-heading ult-adjust-bottom-margin ultimate-heading-296269f7f82a89741 uvc-3776  uvc-heading-default-font-sizes\" data-hspacer=\"no_spacer\"  data-halign=\"left\" style=\"text-align:left\"><div class=\"uvc-heading-spacer no_spacer\" style=\"top\"><\/div><div class=\"uvc-main-heading ult-responsive\"  data-ultimate-target='.uvc-heading.ultimate-heading-296269f7f82a89741 h2'  data-responsive-json-new='{\"font-size\":\"\",\"line-height\":\"\"}' ><h2 style=\"--font-weight:theme;\">Un client du Y\u00e9men nous envoie une photo lorsqu&#039;il re\u00e7oit sa machine de collage cof acf mod\u00e8le ST-100DW<\/h2><\/div><\/div>\n\t<div  class=\"wpb_single_image wpb_content_element vc_align_center\">\n\t\t\n\t\t<figure class=\"wpb_wrapper vc_figure\">\n\t\t\t<div class=\"vc_single_image-wrapper   vc_box_border_grey\"><img loading=\"lazy\" decoding=\"async\" width=\"768\" height=\"1024\" src=\"https:\/\/silmantech.com\/wp-content\/uploads\/2021\/08\/984566-2-768x1024.jpg\" class=\"vc_single_image-img attachment-large\" alt=\"\" title=\"984566\" srcset=\"https:\/\/silmantech.com\/wp-content\/uploads\/2021\/08\/984566-2-768x1023.jpg 768w, https:\/\/silmantech.com\/wp-content\/uploads\/2021\/08\/984566-2-225x300.jpg 225w, https:\/\/silmantech.com\/wp-content\/uploads\/2021\/08\/984566-2-1153x1536.jpg 1153w, https:\/\/silmantech.com\/wp-content\/uploads\/2021\/08\/984566-2-1537x2048.jpg 1537w, https:\/\/silmantech.com\/wp-content\/uploads\/2021\/08\/984566-2-scaled.jpg 1921w\" sizes=\"auto, (max-width: 768px) 100vw, 768px\"  data-dt-location=\"https:\/\/silmantech.com\/fr\/buyer-show\/984566-3\/\" \/><\/div>\n\t\t<\/figure>\n\t<\/div>\n<div id=\"ultimate-heading-722569f7f82a89c01\" class=\"uvc-heading ult-adjust-bottom-margin ultimate-heading-722569f7f82a89c01 uvc-3887  uvc-heading-default-font-sizes\" data-hspacer=\"no_spacer\"  data-halign=\"center\" style=\"text-align:center\"><div class=\"uvc-heading-spacer no_spacer\" style=\"top\"><\/div><div class=\"uvc-main-heading ult-responsive\"  data-ultimate-target='.uvc-heading.ultimate-heading-722569f7f82a89c01 h2'  data-responsive-json-new='{\"font-size\":\"\",\"line-height\":\"\"}' ><h2 style=\"--font-weight:theme;\">Notre client a re\u00e7u la machine \u00e0 coller le COF et nous a envoy\u00e9 les photos de commentaires<\/h2><\/div><\/div>\n\t<div  class=\"wpb_single_image wpb_content_element vc_align_center\">\n\t\t\n\t\t<figure class=\"wpb_wrapper vc_figure\">\n\t\t\t<div class=\"vc_single_image-wrapper   vc_box_border_grey\"><img loading=\"lazy\" decoding=\"async\" width=\"1024\" height=\"768\" src=\"https:\/\/silmantech.com\/wp-content\/uploads\/2021\/08\/16300340351-1024x768.png\" class=\"vc_single_image-img attachment-large\" alt=\"\" title=\"1630034035(1)\" srcset=\"https:\/\/silmantech.com\/wp-content\/uploads\/2021\/08\/16300340351-1024x768.png 1024w, https:\/\/silmantech.com\/wp-content\/uploads\/2021\/08\/16300340351-300x225.png 300w, https:\/\/silmantech.com\/wp-content\/uploads\/2021\/08\/16300340351-768x576.png 768w, https:\/\/silmantech.com\/wp-content\/uploads\/2021\/08\/16300340351-1536x1152.png 1536w, https:\/\/silmantech.com\/wp-content\/uploads\/2021\/08\/16300340351.png 1600w\" sizes=\"auto, (max-width: 1024px) 100vw, 1024px\"  data-dt-location=\"https:\/\/silmantech.com\/fr\/buyer-show\/attachment\/16300340351\/\" \/><\/div>\n\t\t<\/figure>\n\t<\/div>\n<div id=\"ultimate-heading-613769f7f82a8a099\" class=\"uvc-heading ult-adjust-bottom-margin ultimate-heading-613769f7f82a8a099 uvc-6231  uvc-heading-default-font-sizes\" data-hspacer=\"no_spacer\"  data-halign=\"center\" style=\"text-align:center\"><div class=\"uvc-heading-spacer no_spacer\" style=\"top\"><\/div><\/div><\/div><\/div><\/div><div class=\"wpb_column vc_column_container vc_col-sm-12\"><div class=\"vc_column-inner\"><div class=\"wpb_wrapper\"><\/div><\/div><\/div><\/div><div class=\"vc_row wpb_row vc_row-fluid\"><div class=\"wpb_column vc_column_container vc_col-sm-12\"><div class=\"vc_column-inner\"><div class=\"wpb_wrapper\"><\/div><\/div><\/div><\/div><div class=\"vc_row wpb_row vc_row-fluid\"><div class=\"wpb_column vc_column_container vc_col-sm-12\"><div class=\"vc_column-inner\"><div class=\"wpb_wrapper\">\n\t<div class=\"wpb_text_column wpb_content_element\" >\n\t\t<div class=\"wpb_wrapper\">\n\t\t\t<h3>Voir tous les commentaires des clients, s'il vous pla\u00eet <strong><a href=\"https:\/\/silmantech.com\/fr\/category\/customers\/\"><span style=\"color: #ff0000;\">Cliquez ici<\/span><\/a><\/strong>.<\/h3>\n\n\t\t<\/div>\n\t<\/div>\n<div class=\"vc_separator wpb_content_element vc_separator_align_center vc_sep_width_100 vc_sep_pos_align_center vc_separator_no_text vc_sep_color_grey wpb_content_element  wpb_content_element\" ><span class=\"vc_sep_holder vc_sep_holder_l\"><span class=\"vc_sep_line\"><\/span><\/span><span class=\"vc_sep_holder vc_sep_holder_r\"><span class=\"vc_sep_line\"><\/span><\/span>\n<\/div><\/div><\/div><\/div><\/div>\n<\/div>","protected":false},"excerpt":{"rendered":"<p>This is the feedback picture from our Sri Lanka customer Russia customer received our laser machine ST-85L and send us feedback Customer from Turkey buy the cof acf bonding machine,and send us feedback when he received the machine Customer from Yemen send us feedbak photo when he get his cof acf bonding machine ST-100DW model&hellip;<\/p>","protected":false},"author":2,"featured_media":0,"parent":0,"menu_order":0,"comment_status":"closed","ping_status":"closed","template":"","meta":{"_stopmodifiedupdate":false,"_modified_date":"","footnotes":""},"categories":[],"tags":[],"class_list":["post-46149","page","type-page","status-publish","hentry","description-off"],"_links":{"self":[{"href":"https:\/\/silmantech.com\/fr\/wp-json\/wp\/v2\/pages\/46149","targetHints":{"allow":["GET"]}}],"collection":[{"href":"https:\/\/silmantech.com\/fr\/wp-json\/wp\/v2\/pages"}],"about":[{"href":"https:\/\/silmantech.com\/fr\/wp-json\/wp\/v2\/types\/page"}],"author":[{"embeddable":true,"href":"https:\/\/silmantech.com\/fr\/wp-json\/wp\/v2\/users\/2"}],"replies":[{"embeddable":true,"href":"https:\/\/silmantech.com\/fr\/wp-json\/wp\/v2\/comments?post=46149"}],"version-history":[{"count":1,"href":"https:\/\/silmantech.com\/fr\/wp-json\/wp\/v2\/pages\/46149\/revisions"}],"predecessor-version":[{"id":49876,"href":"https:\/\/silmantech.com\/fr\/wp-json\/wp\/v2\/pages\/46149\/revisions\/49876"}],"wp:attachment":[{"href":"https:\/\/silmantech.com\/fr\/wp-json\/wp\/v2\/media?parent=46149"}],"wp:term":[{"taxonomy":"category","embeddable":true,"href":"https:\/\/silmantech.com\/fr\/wp-json\/wp\/v2\/categories?post=46149"},{"taxonomy":"post_tag","embeddable":true,"href":"https:\/\/silmantech.com\/fr\/wp-json\/wp\/v2\/tags?post=46149"}],"curies":[{"name":"wp","href":"https:\/\/api.w.org\/{rel}","templated":true}]}}