{"id":46149,"date":"2021-08-25T03:23:01","date_gmt":"2021-08-25T03:23:01","guid":{"rendered":"https:\/\/www.silmantech.com\/?page_id=46149"},"modified":"2025-12-19T05:56:37","modified_gmt":"2025-12-19T05:56:37","slug":"buyer-show","status":"publish","type":"page","link":"https:\/\/silmantech.com\/es\/buyer-show\/","title":{"rendered":"Show del comprador"},"content":{"rendered":"<div class=\"wpb-content-wrapper\"><div class=\"vc_row wpb_row vc_row-fluid\"><div class=\"wpb_column vc_column_container vc_col-sm-12\"><div class=\"vc_column-inner\"><div class=\"wpb_wrapper\"><div id=\"ultimate-heading-166769f09d565bf53\" class=\"uvc-heading ult-adjust-bottom-margin ultimate-heading-166769f09d565bf53 uvc-1990  uvc-heading-default-font-sizes\" data-hspacer=\"no_spacer\"  data-halign=\"center\" style=\"text-align:center\"><div class=\"uvc-heading-spacer no_spacer\" style=\"top\"><\/div><div class=\"uvc-main-heading ult-responsive\"  data-ultimate-target='.uvc-heading.ultimate-heading-166769f09d565bf53 h2'  data-responsive-json-new='{\"font-size\":\"\",\"line-height\":\"\"}' ><h2 style=\"--font-weight:theme;\">Esta es la imagen de comentarios de nuestro cliente de Sri Lanka.<\/h2><\/div><\/div>\n\t<div  class=\"wpb_single_image wpb_content_element vc_align_center\">\n\t\t\n\t\t<figure class=\"wpb_wrapper vc_figure\">\n\t\t\t<div class=\"vc_single_image-wrapper   vc_box_border_grey\"><img loading=\"lazy\" decoding=\"async\" width=\"1024\" height=\"768\" src=\"https:\/\/silmantech.com\/wp-content\/uploads\/2021\/08\/1122-1024x768.jpg\" class=\"vc_single_image-img attachment-large\" alt=\"\" title=\"1122\" srcset=\"https:\/\/silmantech.com\/wp-content\/uploads\/2021\/08\/1122-1024x768.jpg 1024w, https:\/\/silmantech.com\/wp-content\/uploads\/2021\/08\/1122-300x225.jpg 300w, https:\/\/silmantech.com\/wp-content\/uploads\/2021\/08\/1122-768x576.jpg 768w, https:\/\/silmantech.com\/wp-content\/uploads\/2021\/08\/1122.jpg 1280w\" sizes=\"auto, (max-width: 1024px) 100vw, 1024px\"  data-dt-location=\"https:\/\/silmantech.com\/es\/buyer-show\/attachment\/1122\/\" \/><\/div>\n\t\t<\/figure>\n\t<\/div>\n\n\t<div class=\"wpb_video_widget wpb_content_element vc_clearfix   vc_video-aspect-ratio-169 vc_video-el-width-50 vc_video-align-center\" >\n\t\t<div class=\"wpb_wrapper\">\n\t\t\t\n\t\t\t<div class=\"wpb_video_wrapper\"><iframe loading=\"lazy\" title=\"reparaci\u00f3n de paneles led tv en sri lanka\" width=\"500\" height=\"281\" src=\"https:\/\/www.youtube.com\/embed\/OC7z6W2_ZVc?feature=oembed\" frameborder=\"0\" allow=\"accelerometer; autoplay; clipboard-write; encrypted-media; gyroscope; picture-in-picture; web-share\" allowfullscreen><\/iframe><\/div>\n\t\t<\/div>\n\t<\/div>\n<div id=\"ultimate-heading-387069f09d565c827\" class=\"uvc-heading ult-adjust-bottom-margin ultimate-heading-387069f09d565c827 uvc-3667  uvc-heading-default-font-sizes\" data-hspacer=\"no_spacer\"  data-halign=\"center\" style=\"text-align:center\"><div class=\"uvc-heading-spacer no_spacer\" style=\"top\"><\/div><div class=\"uvc-main-heading ult-responsive\"  data-ultimate-target='.uvc-heading.ultimate-heading-387069f09d565c827 h2'  data-responsive-json-new='{\"font-size\":\"\",\"line-height\":\"\"}' ><h2 style=\"--font-weight:theme;\">El cliente de Rusia recibi\u00f3 nuestra m\u00e1quina l\u00e1ser ST-85L y nos envi\u00f3 sus comentarios.<\/h2><\/div><div class=\"uvc-sub-heading ult-responsive\"  data-ultimate-target='.uvc-heading.ultimate-heading-387069f09d565c827 .uvc-sub-heading '  data-responsive-json-new='{\"font-size\":\"\",\"line-height\":\"\"}'  style=\"font-weight:normal;\"><br \/>\n<\/div><\/div>\n\t<div  class=\"wpb_single_image wpb_content_element vc_align_center\">\n\t\t\n\t\t<figure class=\"wpb_wrapper vc_figure\">\n\t\t\t<div class=\"vc_single_image-wrapper   vc_box_border_grey\"><img loading=\"lazy\" decoding=\"async\" width=\"1024\" height=\"768\" src=\"https:\/\/silmantech.com\/wp-content\/uploads\/2022\/07\/\u4fc4\u7f57\u65af\u5ba2\u6237-1024x768.jpg\" class=\"vc_single_image-img attachment-large\" alt=\"\" title=\"\u4fc4\u7f57\u65af\u5ba2\u6237\" srcset=\"https:\/\/silmantech.com\/wp-content\/uploads\/2022\/07\/\u4fc4\u7f57\u65af\u5ba2\u6237-1024x768.jpg 1024w, https:\/\/silmantech.com\/wp-content\/uploads\/2022\/07\/\u4fc4\u7f57\u65af\u5ba2\u6237-300x225.jpg 300w, https:\/\/silmantech.com\/wp-content\/uploads\/2022\/07\/\u4fc4\u7f57\u65af\u5ba2\u6237-768x576.jpg 768w, https:\/\/silmantech.com\/wp-content\/uploads\/2022\/07\/\u4fc4\u7f57\u65af\u5ba2\u6237.jpg 1280w\" sizes=\"auto, (max-width: 1024px) 100vw, 1024px\"  data-dt-location=\"https:\/\/silmantech.com\/es\/laser-machine-st-85l-arrive-at-russia-customerand-get-the-feedback-photos2022-7-13\/%e4%bf%84%e7%bd%97%e6%96%af%e5%ae%a2%e6%88%b7\/\" \/><\/div>\n\t\t<\/figure>\n\t<\/div>\n<div id=\"ultimate-heading-702469f09d565cf14\" class=\"uvc-heading ult-adjust-bottom-margin ultimate-heading-702469f09d565cf14 uvc-8659 accent-border-color accent-icon-color\" data-hspacer=\"line_with_icon\" data-hline_width=\"150\" data-hicon_type=\"selector\" data-hborder_style=\"solid\" data-hborder_height=\"3\" data-hborder_color=\"#3db3ef\" data-icon_width=\"18\" data-hfixer=\"10\"  data-halign=\"left\" style=\"text-align:left\"><div class=\"uvc-main-heading ult-responsive\"  data-ultimate-target='.uvc-heading.ultimate-heading-702469f09d565cf14 h2'  data-responsive-json-new='{\"font-size\":\"desktop:40px;mobile_landscape:30px;\",\"line-height\":\"desktop:50px;mobile_landscape:40px;\"}' ><h2 style=\"font-weight:bold;\">Un cliente de Turqu\u00eda compra la m\u00e1quina de uni\u00f3n cof acf y nos env\u00eda sus comentarios cuando la recibi\u00f3<\/h2><\/div><div class=\"uvc-heading-spacer line_with_icon\" style=\"margin-bottom:30px;height:18px;\"><div class=\"ult-just-icon-wrapper\"><div class=\"align-icon\" style=\"text-align:left;\">\n<div class=\"aio-icon none\"  style=\"color:#000000;font-size:18px;\">\n\t<i class=\"icomoon-font-awesome-14x14-chevron-down\"><\/i>\n<\/div><\/div><\/div><\/div><\/div>\n\t<div  class=\"wpb_single_image wpb_content_element vc_align_center\">\n\t\t\n\t\t<figure class=\"wpb_wrapper vc_figure\">\n\t\t\t<div class=\"vc_single_image-wrapper   vc_box_border_grey\"><img loading=\"lazy\" decoding=\"async\" width=\"475\" height=\"687\" src=\"https:\/\/silmantech.com\/wp-content\/uploads\/2021\/08\/16298626891.png\" class=\"vc_single_image-img attachment-large\" alt=\"\" title=\"1629862689(1)\" srcset=\"https:\/\/silmantech.com\/wp-content\/uploads\/2021\/08\/16298626891.png 475w, https:\/\/silmantech.com\/wp-content\/uploads\/2021\/08\/16298626891-207x300.png 207w\" sizes=\"auto, (max-width: 475px) 100vw, 475px\"  data-dt-location=\"https:\/\/silmantech.com\/es\/buyer-show\/attachment\/16298626891\/\" \/><\/div>\n\t\t<\/figure>\n\t<\/div>\n<div id=\"ultimate-heading-326669f09d565d369\" class=\"uvc-heading ult-adjust-bottom-margin ultimate-heading-326669f09d565d369 uvc-5090  uvc-heading-default-font-sizes\" data-hspacer=\"no_spacer\"  data-halign=\"left\" style=\"text-align:left\"><div class=\"uvc-heading-spacer no_spacer\" style=\"top\"><\/div><div class=\"uvc-main-heading ult-responsive\"  data-ultimate-target='.uvc-heading.ultimate-heading-326669f09d565d369 h2'  data-responsive-json-new='{\"font-size\":\"\",\"line-height\":\"\"}' ><h2 style=\"--font-weight:theme;\">Un cliente de Yemen nos env\u00eda una foto de comentarios cuando reciba su m\u00e1quina de uni\u00f3n cof acf modelo ST-100DW<\/h2><\/div><\/div>\n\t<div  class=\"wpb_single_image wpb_content_element vc_align_center\">\n\t\t\n\t\t<figure class=\"wpb_wrapper vc_figure\">\n\t\t\t<div class=\"vc_single_image-wrapper   vc_box_border_grey\"><img loading=\"lazy\" decoding=\"async\" width=\"768\" height=\"1024\" src=\"https:\/\/silmantech.com\/wp-content\/uploads\/2021\/08\/984566-2-768x1024.jpg\" class=\"vc_single_image-img attachment-large\" alt=\"\" title=\"984566\" srcset=\"https:\/\/silmantech.com\/wp-content\/uploads\/2021\/08\/984566-2-768x1023.jpg 768w, https:\/\/silmantech.com\/wp-content\/uploads\/2021\/08\/984566-2-225x300.jpg 225w, https:\/\/silmantech.com\/wp-content\/uploads\/2021\/08\/984566-2-1153x1536.jpg 1153w, https:\/\/silmantech.com\/wp-content\/uploads\/2021\/08\/984566-2-1537x2048.jpg 1537w, https:\/\/silmantech.com\/wp-content\/uploads\/2021\/08\/984566-2-scaled.jpg 1921w\" sizes=\"auto, (max-width: 768px) 100vw, 768px\"  data-dt-location=\"https:\/\/silmantech.com\/es\/buyer-show\/984566-3\/\" \/><\/div>\n\t\t<\/figure>\n\t<\/div>\n<div id=\"ultimate-heading-604369f09d565d817\" class=\"uvc-heading ult-adjust-bottom-margin ultimate-heading-604369f09d565d817 uvc-6750  uvc-heading-default-font-sizes\" data-hspacer=\"no_spacer\"  data-halign=\"center\" style=\"text-align:center\"><div class=\"uvc-heading-spacer no_spacer\" style=\"top\"><\/div><div class=\"uvc-main-heading ult-responsive\"  data-ultimate-target='.uvc-heading.ultimate-heading-604369f09d565d817 h2'  data-responsive-json-new='{\"font-size\":\"\",\"line-height\":\"\"}' ><h2 style=\"--font-weight:theme;\">Nuestro cliente recibi\u00f3 la m\u00e1quina de uni\u00f3n cof y nos envi\u00f3 las fotos de comentarios.<\/h2><\/div><\/div>\n\t<div  class=\"wpb_single_image wpb_content_element vc_align_center\">\n\t\t\n\t\t<figure class=\"wpb_wrapper vc_figure\">\n\t\t\t<div class=\"vc_single_image-wrapper   vc_box_border_grey\"><img loading=\"lazy\" decoding=\"async\" width=\"1024\" height=\"768\" src=\"https:\/\/silmantech.com\/wp-content\/uploads\/2021\/08\/16300340351-1024x768.png\" class=\"vc_single_image-img attachment-large\" alt=\"\" title=\"1630034035(1)\" srcset=\"https:\/\/silmantech.com\/wp-content\/uploads\/2021\/08\/16300340351-1024x768.png 1024w, https:\/\/silmantech.com\/wp-content\/uploads\/2021\/08\/16300340351-300x225.png 300w, https:\/\/silmantech.com\/wp-content\/uploads\/2021\/08\/16300340351-768x576.png 768w, https:\/\/silmantech.com\/wp-content\/uploads\/2021\/08\/16300340351-1536x1152.png 1536w, https:\/\/silmantech.com\/wp-content\/uploads\/2021\/08\/16300340351.png 1600w\" sizes=\"auto, (max-width: 1024px) 100vw, 1024px\"  data-dt-location=\"https:\/\/silmantech.com\/es\/buyer-show\/attachment\/16300340351\/\" \/><\/div>\n\t\t<\/figure>\n\t<\/div>\n<div id=\"ultimate-heading-981469f09d565dd1d\" class=\"uvc-heading ult-adjust-bottom-margin ultimate-heading-981469f09d565dd1d uvc-1076  uvc-heading-default-font-sizes\" data-hspacer=\"no_spacer\"  data-halign=\"center\" style=\"text-align:center\"><div class=\"uvc-heading-spacer no_spacer\" style=\"top\"><\/div><\/div><\/div><\/div><\/div><div class=\"wpb_column vc_column_container vc_col-sm-12\"><div class=\"vc_column-inner\"><div class=\"wpb_wrapper\"><\/div><\/div><\/div><\/div><div class=\"vc_row wpb_row vc_row-fluid\"><div class=\"wpb_column vc_column_container vc_col-sm-12\"><div class=\"vc_column-inner\"><div class=\"wpb_wrapper\"><\/div><\/div><\/div><\/div><div class=\"vc_row wpb_row vc_row-fluid\"><div class=\"wpb_column vc_column_container vc_col-sm-12\"><div class=\"vc_column-inner\"><div class=\"wpb_wrapper\">\n\t<div class=\"wpb_text_column wpb_content_element\" >\n\t\t<div class=\"wpb_wrapper\">\n\t\t\t<h3>Ver todas las opiniones de los clientes <strong><a href=\"https:\/\/silmantech.com\/es\/category\/customers\/\"><span style=\"color: #ff0000;\">Haga clic aqu\u00ed<\/span><\/a><\/strong>.<\/h3>\n\n\t\t<\/div>\n\t<\/div>\n<div class=\"vc_separator wpb_content_element vc_separator_align_center vc_sep_width_100 vc_sep_pos_align_center vc_separator_no_text vc_sep_color_grey wpb_content_element  wpb_content_element\" ><span class=\"vc_sep_holder vc_sep_holder_l\"><span class=\"vc_sep_line\"><\/span><\/span><span class=\"vc_sep_holder vc_sep_holder_r\"><span class=\"vc_sep_line\"><\/span><\/span>\n<\/div><\/div><\/div><\/div><\/div>\n<\/div>","protected":false},"excerpt":{"rendered":"<p>Esta es la foto de retroalimentaci\u00f3n de nuestro cliente de Sri Lanka Rusia cliente recibi\u00f3 nuestra m\u00e1quina l\u00e1ser ST-85L y nos env\u00edan retroalimentaci\u00f3n Cliente de Turqu\u00eda comprar la m\u00e1quina de uni\u00f3n cof acf, y nos env\u00edan retroalimentaci\u00f3n cuando recibi\u00f3 la m\u00e1quina Cliente de Yemen nos env\u00edan foto feedbak cuando \u00e9l consigue su m\u00e1quina de uni\u00f3n cof acf ST-100DW modelo...<\/p>","protected":false},"author":2,"featured_media":0,"parent":0,"menu_order":0,"comment_status":"closed","ping_status":"closed","template":"","meta":{"_stopmodifiedupdate":false,"_modified_date":"","footnotes":""},"categories":[],"tags":[],"class_list":["post-46149","page","type-page","status-publish","hentry","description-off"],"_links":{"self":[{"href":"https:\/\/silmantech.com\/es\/wp-json\/wp\/v2\/pages\/46149","targetHints":{"allow":["GET"]}}],"collection":[{"href":"https:\/\/silmantech.com\/es\/wp-json\/wp\/v2\/pages"}],"about":[{"href":"https:\/\/silmantech.com\/es\/wp-json\/wp\/v2\/types\/page"}],"author":[{"embeddable":true,"href":"https:\/\/silmantech.com\/es\/wp-json\/wp\/v2\/users\/2"}],"replies":[{"embeddable":true,"href":"https:\/\/silmantech.com\/es\/wp-json\/wp\/v2\/comments?post=46149"}],"version-history":[{"count":1,"href":"https:\/\/silmantech.com\/es\/wp-json\/wp\/v2\/pages\/46149\/revisions"}],"predecessor-version":[{"id":49876,"href":"https:\/\/silmantech.com\/es\/wp-json\/wp\/v2\/pages\/46149\/revisions\/49876"}],"wp:attachment":[{"href":"https:\/\/silmantech.com\/es\/wp-json\/wp\/v2\/media?parent=46149"}],"wp:term":[{"taxonomy":"category","embeddable":true,"href":"https:\/\/silmantech.com\/es\/wp-json\/wp\/v2\/categories?post=46149"},{"taxonomy":"post_tag","embeddable":true,"href":"https:\/\/silmantech.com\/es\/wp-json\/wp\/v2\/tags?post=46149"}],"curies":[{"name":"wp","href":"https:\/\/api.w.org\/{rel}","templated":true}]}}