{"id":280,"date":"2014-03-18T18:24:10","date_gmt":"2014-03-18T18:24:10","guid":{"rendered":"http:\/\/the7.dream-demo.com\/business\/?page_id=280"},"modified":"2024-05-11T10:05:40","modified_gmt":"2024-05-11T10:05:40","slug":"qa","status":"publish","type":"page","link":"https:\/\/silmantech.com\/de\/qa\/","title":{"rendered":"Fragen und Antworten"},"content":{"rendered":"<div class=\"wpb-content-wrapper\"><div class=\"vc_row wpb_row vc_row-fluid vc_custom_1549250217104 vc_row-has-fill\"><div class=\"wpb_column vc_column_container vc_col-sm-12 vc_col-lg-12 vc_col-md-12\"><div class=\"vc_column-inner vc_custom_1476030031960\"><div class=\"wpb_wrapper\"><div id=\"ultimate-heading-842269ee1ba0c7e63\" class=\"uvc-heading ult-adjust-bottom-margin ultimate-heading-842269ee1ba0c7e63 uvc-5875 accent-title-color\" data-hspacer=\"no_spacer\"  data-halign=\"center\" style=\"text-align:center\"><div class=\"uvc-heading-spacer no_spacer\" style=\"top\"><\/div><div class=\"uvc-main-heading ult-responsive\"  data-ultimate-target='.uvc-heading.ultimate-heading-842269ee1ba0c7e63 h2'  data-responsive-json-new='{\"font-size\":\"desktop:34px;mobile_landscape:22px;mobile:22px;\",\"line-height\":\"desktop:46px;mobile_landscape:32px;mobile:32px;\"}' ><h2 style=\"font-family:&#039;Raleway&#039;;font-weight:700;color:#ffffff;\">Useful Information<\/h2><\/div><div class=\"uvc-sub-heading ult-responsive\"  data-ultimate-target='.uvc-heading.ultimate-heading-842269ee1ba0c7e63 .uvc-sub-heading '  data-responsive-json-new='{\"font-size\":\"desktop:58px;mobile_landscape:38px;mobile:30px;\",\"line-height\":\"desktop:68px;mobile_landscape:48px;mobile:40px;\"}'  style=\"font-family:&#039;Raleway&#039;;font-weight:700;color:#ffffff;margin-top:10px;margin-bottom:20px;\">Questions &amp; Answers<\/div><\/div><style type=\"text\/css\" data-type=\"the7_shortcodes-inline-css\">.dt-breadcrumbs-id-00e7ad14fe45716ac790718ece057902 .breadcrumbs {\n  display: inline-block;\n  margin: 0;\n  padding: 2px 12px 2px 12px;\n  border: 1px solid rgba(255,255,255,0.25);\n  border-radius: 0px;\n}\n.dt-breadcrumbs-id-00e7ad14fe45716ac790718ece057902 .breadcrumbs * {\n  font-size: 13px;\n  line-height: 16px;\n  color: #ffffff;\n}<\/style><div class=\"dt-breadcrumbs-shortcode dt-breadcrumbs-id-00e7ad14fe45716ac790718ece057902 align-centre\"><div class=\"assistive-text\">Sie befinden sich hier:<\/div><ol class=\"breadcrumbs text-small\" itemscope itemtype=\"https:\/\/schema.org\/BreadcrumbList\"><li itemprop=\"itemListElement\" itemscope itemtype=\"https:\/\/schema.org\/ListItem\"><a itemprop=\"item\" href=\"https:\/\/silmantech.com\/de\/\" title=\"Start\"><span itemprop=\"name\">Start<\/span><\/a><meta itemprop=\"position\" content=\"1\" \/><\/li><li class=\"current\" itemprop=\"itemListElement\" itemscope itemtype=\"https:\/\/schema.org\/ListItem\"><span itemprop=\"name\">Seite<\/span><meta itemprop=\"position\" content=\"2\" \/><\/li><\/ol><\/div><\/div><\/div><\/div><\/div><!-- Row Backgrounds --><div class=\"upb_bg_img\" data-ultimate-bg=\"url(https:\/\/silmantech.com\/wp-content\/uploads\/2019\/01\/Silmantech-cooperate-mini.jpg)\" data-image-id=\"id^15473|url^http:\/\/silmantech.com\/wp-content\/uploads\/2019\/01\/Silmantech-cooperate-mini.jpg|caption^null|alt^null|title^Silmantech-cooperate-mini|description^null\" data-ultimate-bg-style=\"vcpb-vz-jquery\" data-bg-img-repeat=\"no-repeat\" data-bg-img-size=\"cover\" data-bg-img-position=\"\" data-parallx_sense=\"30\" data-bg-override=\"ex-full\" data-bg_img_attach=\"scroll\" data-upb-overlay-color=\"rgba(0,0,0,0.5)\" data-upb-bg-animation=\"\" data-fadeout=\"\" data-bg-animation=\"left-animation\" data-bg-animation-type=\"h\" data-animation-repeat=\"repeat\" data-fadeout-percentage=\"30\" data-parallax-content=\"\" data-parallax-content-sense=\"30\" data-row-effect-mobile-disable=\"true\" data-img-parallax-mobile-disable=\"true\" data-rtl=\"false\"  data-custom-vc-row=\"\"  data-vc=\"8.7.2\"  data-is_old_vc=\"\"  data-theme-support=\"\"   data-overlay=\"true\" data-overlay-color=\"rgba(0,0,0,0.5)\" data-overlay-pattern=\"\" data-overlay-pattern-opacity=\"0.25\" data-overlay-pattern-size=\"\" data-overlay-pattern-attachment=\"scroll\"    ><\/div><div class=\"vc_row wpb_row vc_row-fluid vc_custom_1490191665181\"><div class=\"wpb_column vc_column_container vc_col-sm-12 vc_col-lg-6 vc_col-md-6 vc_col-xs-12\"><div class=\"vc_column-inner vc_custom_1490191668237\"><div class=\"wpb_wrapper\"><div id=\"ultimate-heading-742469ee1ba0c8b7f\" class=\"uvc-heading ult-adjust-bottom-margin ultimate-heading-742469ee1ba0c8b7f uvc-8234 \" data-hspacer=\"no_spacer\"  data-halign=\"left\" style=\"text-align:left\"><div class=\"uvc-heading-spacer no_spacer\" style=\"top\"><\/div><div class=\"uvc-main-heading ult-responsive\"  data-ultimate-target='.uvc-heading.ultimate-heading-742469ee1ba0c8b7f h2'  data-responsive-json-new='{\"font-size\":\"desktop:20px;\",\"line-height\":\"desktop:30px;\"}' ><h2 style=\"font-weight:bold;margin-bottom:25px;\">We Are Usually Asked About<\/h2><\/div><div class=\"uvc-sub-heading ult-responsive\"  data-ultimate-target='.uvc-heading.ultimate-heading-742469ee1ba0c8b7f .uvc-sub-heading '  data-responsive-json-new='{\"font-size\":\"\",\"line-height\":\"\"}'  style=\"font-weight:normal;\"><strong>Q: What can Xray inspection system work for ?<\/strong><\/p>\n<p>We are the original manufacturer of this X-Ray machine. The X-Ray inspection machines are widely used in the field :<\/p>\n<p>1. BGA Solder Ball Bubble Caculation<br \/>\n2. IC Chips Inside Connector Wire Inspection<br \/>\n3. Inspect the Voids under Joint<br \/>\n4. PCB FPC Mobile Flex Cable Soldering Inspection<br \/>\n5. LED field<br \/>\n6. Battery, Connector, etc<br \/>\n7. Die Casting<br \/>\n<\/div><\/div><div id=\"ultimate-heading-732769ee1ba0c8c07\" class=\"uvc-heading ult-adjust-bottom-margin ultimate-heading-732769ee1ba0c8c07 uvc-1737 \" data-hspacer=\"no_spacer\"  data-halign=\"left\" style=\"text-align:left\"><div class=\"uvc-heading-spacer no_spacer\" style=\"top\"><\/div><div class=\"uvc-sub-heading ult-responsive\"  data-ultimate-target='.uvc-heading.ultimate-heading-732769ee1ba0c8c07 .uvc-sub-heading '  data-responsive-json-new='{\"font-size\":\"\",\"line-height\":\"\"}'  style=\"font-weight:normal;\"><strong>Q:After payment, how long will it take to get your cof bonding machine ready?<\/strong><\/p>\n<p>Bonding machine are all in stock. It takes almost 3 days to set up the parameters and test the machine before shipping. The machine will be delivered to the forwarder within 5 days after payment.<\/div><\/div><div id=\"ultimate-heading-545869ee1ba0c8c3a\" class=\"uvc-heading ult-adjust-bottom-margin ultimate-heading-545869ee1ba0c8c3a uvc-8736 \" data-hspacer=\"no_spacer\"  data-halign=\"left\" style=\"text-align:left\"><div class=\"uvc-heading-spacer no_spacer\" style=\"top\"><\/div><div class=\"uvc-sub-heading ult-responsive\"  data-ultimate-target='.uvc-heading.ultimate-heading-545869ee1ba0c8c3a .uvc-sub-heading '  data-responsive-json-new='{\"font-size\":\"\",\"line-height\":\"\"}'  style=\"font-weight:normal;\"><strong>Q:Is Silman a cof bonding machine factory in China ?<\/strong><\/p>\n<p>Yes, we are a cof bonding machine factory located in shenzhen, guangdong.<\/div><\/div><div id=\"ultimate-heading-936169ee1ba0c8c66\" class=\"uvc-heading ult-adjust-bottom-margin ultimate-heading-936169ee1ba0c8c66 uvc-9427 \" data-hspacer=\"no_spacer\"  data-halign=\"left\" style=\"text-align:left\"><div class=\"uvc-heading-spacer no_spacer\" style=\"top\"><\/div><div class=\"uvc-sub-heading ult-responsive\"  data-ultimate-target='.uvc-heading.ultimate-heading-936169ee1ba0c8c66 .uvc-sub-heading '  data-responsive-json-new='{\"font-size\":\"\",\"line-height\":\"\"}'  style=\"font-weight:normal;\"><strong>Q:How long is the warranty time ?<\/strong><\/p>\n<p>we offer one year warranty for all our acf bonding machines and other lcd repair machines.<\/div><\/div><div id=\"ultimate-heading-979769ee1ba0c8c8f\" class=\"uvc-heading ult-adjust-bottom-margin ultimate-heading-979769ee1ba0c8c8f uvc-3354 \" data-hspacer=\"no_spacer\"  data-halign=\"left\" style=\"text-align:left\"><div class=\"uvc-heading-spacer no_spacer\" style=\"top\"><\/div><div class=\"uvc-sub-heading ult-responsive\"  data-ultimate-target='.uvc-heading.ultimate-heading-979769ee1ba0c8c8f .uvc-sub-heading '  data-responsive-json-new='{\"font-size\":\"\",\"line-height\":\"\"}'  style=\"font-weight:normal;\"><strong>Q:Do you provide factory training?<\/strong><\/p>\n<p>YES, we can provide free training on how to use our tab\/cof\/acf bonding machine. welcome to visit our factory.<\/div><\/div><div id=\"ultimate-heading-474269ee1ba0c8cb8\" class=\"uvc-heading ult-adjust-bottom-margin ultimate-heading-474269ee1ba0c8cb8 uvc-5839 \" data-hspacer=\"no_spacer\"  data-halign=\"left\" style=\"text-align:left\"><div class=\"uvc-heading-spacer no_spacer\" style=\"top\"><\/div><div class=\"uvc-sub-heading ult-responsive\"  data-ultimate-target='.uvc-heading.ultimate-heading-474269ee1ba0c8cb8 .uvc-sub-heading '  data-responsive-json-new='{\"font-size\":\"\",\"line-height\":\"\"}'  style=\"font-weight:normal;\"><strong>Q:how to choose a cof bonding machine?<\/strong><br \/>\nfirst you must be clear about your usage. If you want it for computer laptop lcd screen repair, you will need a double head bonding machine. If it is for lcd led tv screen repair, you will need a single head bonding machine.<\/div><\/div><div id=\"ultimate-heading-338069ee1ba0c8ce1\" class=\"uvc-heading ult-adjust-bottom-margin ultimate-heading-338069ee1ba0c8ce1 uvc-265 \" data-hspacer=\"no_spacer\"  data-halign=\"left\" style=\"text-align:left\"><div class=\"uvc-heading-spacer no_spacer\" style=\"top\"><\/div><div class=\"uvc-sub-heading ult-responsive\"  data-ultimate-target='.uvc-heading.ultimate-heading-338069ee1ba0c8ce1 .uvc-sub-heading '  data-responsive-json-new='{\"font-size\":\"\",\"line-height\":\"\"}'  style=\"font-weight:normal;\"><strong>Q:what is pulse heating method?<\/strong><\/p>\n<p>it means the cof bonding machine temperature can rise rapidly.<\/div><\/div><div id=\"ultimate-heading-392369ee1ba0c8d0b\" class=\"uvc-heading ult-adjust-bottom-margin ultimate-heading-392369ee1ba0c8d0b uvc-9079 \" data-hspacer=\"no_spacer\"  data-halign=\"left\" style=\"text-align:left\"><div class=\"uvc-heading-spacer no_spacer\" style=\"top\"><\/div><div class=\"uvc-sub-heading ult-responsive\"  data-ultimate-target='.uvc-heading.ultimate-heading-392369ee1ba0c8d0b .uvc-sub-heading '  data-responsive-json-new='{\"font-size\":\"\",\"line-height\":\"\"}'  style=\"font-weight:normal;\"><strong>Q:Is your bonding machine applicable to 2k, 4k or 8k lcd screen repairing?<\/strong><\/p>\n<p>YES, it can be used for 2k, 4k, 8K lcd screen repair.<\/div><\/div><div id=\"ultimate-heading-66469ee1ba0c8d34\" class=\"uvc-heading ult-adjust-bottom-margin ultimate-heading-66469ee1ba0c8d34 uvc-9722 \" data-hspacer=\"no_spacer\"  data-halign=\"left\" style=\"text-align:left\"><div class=\"uvc-heading-spacer no_spacer\" style=\"top\"><\/div><div class=\"uvc-sub-heading ult-responsive\"  data-ultimate-target='.uvc-heading.ultimate-heading-66469ee1ba0c8d34 .uvc-sub-heading '  data-responsive-json-new='{\"font-size\":\"\",\"line-height\":\"\"}'  style=\"font-weight:normal;\"><strong>Q:Are accessories provided?<\/strong><\/p>\n<p>YES, accessories are provided for operating the machine. You only need to buy COF. we also sell COF.<\/div><\/div><div id=\"ultimate-heading-751269ee1ba0c8d64\" class=\"uvc-heading ult-adjust-bottom-margin ultimate-heading-751269ee1ba0c8d64 uvc-9248 \" data-hspacer=\"no_spacer\"  data-halign=\"left\" style=\"text-align:left\"><div class=\"uvc-heading-spacer no_spacer\" style=\"top\"><\/div><div class=\"uvc-sub-heading ult-responsive\"  data-ultimate-target='.uvc-heading.ultimate-heading-751269ee1ba0c8d64 .uvc-sub-heading '  data-responsive-json-new='{\"font-size\":\"\",\"line-height\":\"\"}'  style=\"font-weight:normal;\"><strong>Q:will you provide free spare parts?<\/strong><\/p>\n<p>YES, we will provide free bonding machine spare parts during warranty time.<\/div><\/div><div id=\"ultimate-heading-615769ee1ba0c8d8e\" class=\"uvc-heading ult-adjust-bottom-margin ultimate-heading-615769ee1ba0c8d8e uvc-1843 \" data-hspacer=\"no_spacer\"  data-halign=\"left\" style=\"text-align:left\"><div class=\"uvc-heading-spacer no_spacer\" style=\"top\"><\/div><div class=\"uvc-sub-heading ult-responsive\"  data-ultimate-target='.uvc-heading.ultimate-heading-615769ee1ba0c8d8e .uvc-sub-heading '  data-responsive-json-new='{\"font-size\":\"\",\"line-height\":\"\"}'  style=\"font-weight:normal;\"><strong>Q:what is the size of cof bonding machine head equipped?<\/strong><\/p>\n<p>It is defaultly equipped with 50*1.4mm lcd bonding machine head. You can buy extra bonding heads in dfferent sizes from us.<\/div><\/div><\/div><\/div><\/div><div class=\"wpb_column vc_column_container vc_col-sm-12 vc_col-lg-6 vc_col-md-6 vc_col-xs-12\"><div class=\"vc_column-inner vc_custom_1490191671048\"><div class=\"wpb_wrapper\"><div id=\"ultimate-heading-950869ee1ba0c8fba\" class=\"uvc-heading ult-adjust-bottom-margin ultimate-heading-950869ee1ba0c8fba uvc-7808 \" data-hspacer=\"no_spacer\"  data-halign=\"left\" style=\"text-align:left\"><div class=\"uvc-heading-spacer no_spacer\" style=\"top\"><\/div><div class=\"uvc-main-heading ult-responsive\"  data-ultimate-target='.uvc-heading.ultimate-heading-950869ee1ba0c8fba h2'  data-responsive-json-new='{\"font-size\":\"desktop:20px;\",\"line-height\":\"desktop:30px;\"}' ><h2 style=\"font-weight:bold;margin-bottom:20px;\">Didn\u2019t Find the Answer?<\/h2><\/div><\/div>\n\t<div class=\"wpb_text_column wpb_content_element  vc_custom_1549249796011\" >\n\t\t<div class=\"wpb_wrapper\">\n\t\t\t<p>Please leave us your infomation, all your question will be answered within 24 hours.<\/p>\n\n\t\t<\/div>\n\t<\/div>\n\n\t<div class=\"wpb_text_column wpb_content_element \" >\n\t\t<div class=\"wpb_wrapper\">\n\t\t\t<div class=\"wpforms-container wpforms-container-full\" id=\"wpforms-46423\"><form id=\"wpforms-form-46423\" class=\"wpforms-validate wpforms-form wpforms-ajax-form\" data-formid=\"46423\" method=\"post\" enctype=\"multipart\/form-data\" action=\"\/de\/wp-json\/wp\/v2\/pages\/280\" data-token=\"e6e2aafd6194f4a49bfef7f4174abeb5\" data-token-time=\"1777212320\"><noscript class=\"wpforms-error-noscript\">Bitte aktiviere JavaScript in deinem Browser, um dieses Formular fertigzustellen.<\/noscript><div class=\"wpforms-field-container\"><div id=\"wpforms-46423-field_0-container\" class=\"wpforms-field wpforms-field-name\" data-field-id=\"0\"><label class=\"wpforms-field-label wpforms-label-hide\" for=\"wpforms-46423-field_0\">Name <span class=\"wpforms-required-label\">*<\/span><\/label><input type=\"text\" id=\"wpforms-46423-field_0\" class=\"wpforms-field-large wpforms-field-required\" name=\"wpforms[fields][0]\" placeholder=\"Name\" required><\/div><div id=\"wpforms-46423-field_1-container\" class=\"wpforms-field wpforms-field-email\" data-field-id=\"1\"><label class=\"wpforms-field-label wpforms-label-hide\" for=\"wpforms-46423-field_1\">Email <span class=\"wpforms-required-label\">*<\/span><\/label><input type=\"email\" id=\"wpforms-46423-field_1\" class=\"wpforms-field-large wpforms-field-required\" name=\"wpforms[fields][1]\" placeholder=\"Email\" spellcheck=\"false\" required><\/div><div id=\"wpforms-46423-field_3-container\" class=\"wpforms-field wpforms-field-number\" data-field-id=\"3\"><label class=\"wpforms-field-label wpforms-label-hide\" for=\"wpforms-46423-field_3\">Whatsapp<\/label><input type=\"number\" id=\"wpforms-46423-field_3\" class=\"wpforms-field-large\" name=\"wpforms[fields][3]\" placeholder=\"Whatsapp\" step=\"any\" ><\/div>\t\t<div id=\"wpforms-46423-field_4-container\"\n\t\t\tclass=\"wpforms-field wpforms-field-text\"\n\t\t\tdata-field-type=\"text\"\n\t\t\tdata-field-id=\"4\"\n\t\t\t>\n\t\t\t<label class=\"wpforms-field-label\" for=\"wpforms-46423-field_4\" >Email Message Comment<\/label>\n\t\t\t<input type=\"text\" id=\"wpforms-46423-field_4\" class=\"wpforms-field-medium\" name=\"wpforms[fields][4]\" >\n\t\t<\/div>\n\t\t<div id=\"wpforms-46423-field_2-container\" class=\"wpforms-field wpforms-field-textarea\" data-field-id=\"2\"><label class=\"wpforms-field-label wpforms-label-hide\" for=\"wpforms-46423-field_2\">Comment or Message <span class=\"wpforms-required-label\">*<\/span><\/label><textarea id=\"wpforms-46423-field_2\" class=\"wpforms-field-large wpforms-field-required\" name=\"wpforms[fields][2]\" placeholder=\"Message\" required><\/textarea><\/div><script>\n\t\t\t\t( function() {\n\t\t\t\t\tconst style = document.createElement( 'style' );\n\t\t\t\t\tstyle.appendChild( document.createTextNode( '#wpforms-46423-field_4-container { position: absolute !important; overflow: hidden !important; display: inline !important; height: 1px !important; width: 1px !important; z-index: -1000 !important; padding: 0 !important; } #wpforms-46423-field_4-container input { visibility: hidden; } #wpforms-conversational-form-page #wpforms-46423-field_4-container label { counter-increment: none; }' ) );\n\t\t\t\t\tdocument.head.appendChild( style );\n\t\t\t\t\tdocument.currentScript?.remove();\n\t\t\t\t} )();\n\t\t\t<\/script><\/div><!-- .wpforms-field-container --><div class=\"wpforms-submit-container\" ><input type=\"hidden\" name=\"wpforms[id]\" value=\"46423\"><input type=\"hidden\" name=\"page_title\" value=\"\"><input type=\"hidden\" name=\"page_url\" value=\"https:\/\/silmantech.com\/de\/wp-json\/wp\/v2\/pages\/280\"><input type=\"hidden\" name=\"url_referer\" value=\"\"><button type=\"submit\" name=\"wpforms[submit]\" id=\"wpforms-submit-46423\" class=\"wpforms-submit\" data-alt-text=\"Sending...\" data-submit-text=\"Submit\" aria-live=\"assertive\" value=\"wpforms-submit\">Submit<\/button><img loading=\"lazy\" decoding=\"async\" src=\"https:\/\/silmantech.com\/wp-content\/plugins\/wpforms-lite\/assets\/images\/submit-spin.svg\" class=\"wpforms-submit-spinner\" style=\"display: none;\" width=\"26\" height=\"26\" alt=\"Wird geladen\"><\/div><\/form><\/div>  <!-- .wpforms-container -->\n\n\t\t<\/div>\n\t<\/div>\n<\/div><\/div><\/div><\/div>\n<\/div>","protected":false},"excerpt":{"rendered":"<p>N\u00fctzliche InformationenFragen &amp; AntwortenWir werden gew\u00f6hnlich gefragt nachQ: Wof\u00fcr kann das R\u00f6ntgeninspektionssystem arbeiten? Wir sind der urspr\u00fcngliche Hersteller dieser X-Ray-Maschine. Die X-Ray Inspektionsmaschinen sind weit verbreitet im Bereich: 1. BGA Solder Ball Bubble Caculation 2. IC Chips im Inneren des Steckers Draht Inspektion 3. Inspektion der Hohlr\u00e4ume unter Joint...<\/p>","protected":false},"author":2,"featured_media":0,"parent":0,"menu_order":550,"comment_status":"closed","ping_status":"closed","template":"","meta":{"_stopmodifiedupdate":false,"_modified_date":"","footnotes":""},"categories":[],"tags":[],"class_list":["post-280","page","type-page","status-publish","hentry","description-off"],"_links":{"self":[{"href":"https:\/\/silmantech.com\/de\/wp-json\/wp\/v2\/pages\/280","targetHints":{"allow":["GET"]}}],"collection":[{"href":"https:\/\/silmantech.com\/de\/wp-json\/wp\/v2\/pages"}],"about":[{"href":"https:\/\/silmantech.com\/de\/wp-json\/wp\/v2\/types\/page"}],"author":[{"embeddable":true,"href":"https:\/\/silmantech.com\/de\/wp-json\/wp\/v2\/users\/2"}],"replies":[{"embeddable":true,"href":"https:\/\/silmantech.com\/de\/wp-json\/wp\/v2\/comments?post=280"}],"version-history":[{"count":0,"href":"https:\/\/silmantech.com\/de\/wp-json\/wp\/v2\/pages\/280\/revisions"}],"wp:attachment":[{"href":"https:\/\/silmantech.com\/de\/wp-json\/wp\/v2\/media?parent=280"}],"wp:term":[{"taxonomy":"category","embeddable":true,"href":"https:\/\/silmantech.com\/de\/wp-json\/wp\/v2\/categories?post=280"},{"taxonomy":"post_tag","embeddable":true,"href":"https:\/\/silmantech.com\/de\/wp-json\/wp\/v2\/tags?post=280"}],"curies":[{"name":"wp","href":"https:\/\/api.w.org\/{rel}","templated":true}]}}